{"id":10989,"date":"2022-12-05T15:26:40","date_gmt":"2022-12-05T14:26:40","guid":{"rendered":"https:\/\/www.cornea-franz.de\/geschaeftszeiten\/"},"modified":"2023-06-27T14:34:25","modified_gmt":"2023-06-27T12:34:25","slug":"office-hours","status":"publish","type":"page","link":"https:\/\/www.cornea-franz.de\/en\/office-hours\/","title":{"rendered":"office hours"},"content":{"rendered":"<p>[et_pb_section fb_built=&#8221;1&#8243; fullwidth=&#8221;on&#8221; _builder_version=&#8221;4.16&#8243; _module_preset=&#8221;default&#8221; global_colors_info=&#8221;{}&#8221;][et_pb_fullwidth_header title=&#8221;Cornea Franz Rechtsanw\u00e4lte &#038; Notare&#8221; subhead=&#8221;Our office hours in W\u00fcrzburg, Schweinfurt, and Fulda are:&#8221; button_one_text=&#8221;Set appointment&#8221; button_one_url=&#8221;\/kontakt\/&#8221; _builder_version=&#8221;4.20.4&#8243; _module_preset=&#8221;default&#8221; title_font_size=&#8221;50px&#8221; subhead_font_size=&#8221;22px&#8221; subhead_line_height=&#8221;2.3em&#8221; background_enable_color=&#8221;off&#8221; use_background_color_gradient=&#8221;on&#8221; background_color_gradient_direction=&#8221;90deg&#8221; background_color_gradient_stops=&#8221;rgba(32,36,43,0.7) 0%|rgba(32,36,43,0.25) 100%&#8221; background_color_gradient_overlays_image=&#8221;on&#8221; background_color_gradient_start=&#8221;#000000&#8243; background_color_gradient_end=&#8221;rgba(0,0,0,0)&#8221; background_image=&#8221;https:\/\/www.cornea-franz.de\/wp-content\/uploads\/2021\/06\/wirtschaftskanzlei-wuerzburg.jpg&#8221; parallax=&#8221;on&#8221; custom_button_one=&#8221;on&#8221; button_one_text_size=&#8221;16px&#8221; button_one_text_color=&#8221;#FFFFFF&#8221; button_one_bg_color=&#8221;#18471D&#8221; button_one_border_width=&#8221;1px&#8221; button_one_custom_margin=&#8221;35px||||false|false&#8221; min_height=&#8221;350px&#8221; height=&#8221;75vh&#8221; max_height=&#8221;75vh&#8221; custom_css_header_container=&#8221;padding-top: 0!important;||min-height: 100% !important;&#8221; global_colors_info=&#8221;{}&#8221;][\/et_pb_fullwidth_header][\/et_pb_section][et_pb_section fb_built=&#8221;1&#8243; _builder_version=&#8221;4.17.6&#8243; _module_preset=&#8221;default&#8221; background_color=&#8221;#333333&#8243; global_colors_info=&#8221;{}&#8221;][et_pb_row column_structure=&#8221;1_2,1_2&#8243; _builder_version=&#8221;4.16&#8243; _module_preset=&#8221;default&#8221; global_colors_info=&#8221;{}&#8221;][et_pb_column type=&#8221;1_2&#8243; _builder_version=&#8221;4.16&#8243; _module_preset=&#8221;default&#8221; global_colors_info=&#8221;{}&#8221;][et_pb_text _builder_version=&#8221;4.20.4&#8243; _module_preset=&#8221;default&#8221; header_3_text_color=&#8221;#FFFFFF&#8221; global_colors_info=&#8221;{}&#8221;]<\/p>\n<h3>OFFICE HOURS<\/h3>\n<p>[\/et_pb_text][et_pb_text _builder_version=&#8221;4.20.4&#8243; _module_preset=&#8221;default&#8221; text_text_color=&#8221;#FFFFFF&#8221; global_colors_info=&#8221;{}&#8221;]<\/p>\n<table class=\"geschaeftszeiten\">\n<tbody>\n<tr>\n<td>Monday<\/td>\n<td>08.30 am \u2013 12.30 pm and 1.30 pm \u2013 4.30 pm<\/td>\n<\/tr>\n<tr>\n<td>Tuesday<\/td>\n<td>08.30 am \u2013 12.30 pm and 1.30 pm \u2013 4.30 pm<\/td>\n<\/tr>\n<tr>\n<td>Wednesday<\/td>\n<td>08.30 am \u2013 12.30 pm and 1.30 pm \u2013 4.30 pm<\/td>\n<\/tr>\n<tr>\n<td>Thursday<\/td>\n<td>08.30 am \u2013 12.30 pm and 1.30 pm \u2013 4.30 pm<\/td>\n<\/tr>\n<tr>\n<td>Friday<\/td>\n<td>08.30 am \u2013 12.30 pm<\/td>\n<\/tr>\n<\/tbody>\n<\/table>\n<p>[\/et_pb_text][\/et_pb_column][et_pb_column type=&#8221;1_2&#8243; _builder_version=&#8221;4.16&#8243; _module_preset=&#8221;default&#8221; global_colors_info=&#8221;{}&#8221;][et_pb_text _builder_version=&#8221;4.20.4&#8243; _module_preset=&#8221;default&#8221; global_colors_info=&#8221;{}&#8221;]&nbsp;<\/p>\n<p>&nbsp;<\/p>\n<p>&nbsp;<\/p>\n<p>&nbsp;<\/p>\n<p><span style=\"color: #ffffff;\">Our members of staff will be happy to assist you during the above mentioned office hours. <\/span><\/p>\n<p><span style=\"color: #ffffff;\">Feel free to call us and set up an appointment for counsel.<\/span>[\/et_pb_text][\/et_pb_column][\/et_pb_row][\/et_pb_section][et_pb_section fb_built=&#8221;1&#8243; module_id=&#8221;team&#8221; _builder_version=&#8221;4.18.0&#8243; _module_preset=&#8221;default&#8221; custom_margin=&#8221;||0px||false|false&#8221; custom_padding=&#8221;||0px||false|false&#8221; global_colors_info=&#8221;{}&#8221;][et_pb_row _builder_version=&#8221;4.16&#8243; _module_preset=&#8221;default&#8221; global_colors_info=&#8221;{}&#8221;][et_pb_column type=&#8221;4_4&#8243; _builder_version=&#8221;4.16&#8243; _module_preset=&#8221;default&#8221; global_colors_info=&#8221;{}&#8221;][\/et_pb_column][\/et_pb_row][\/et_pb_section][et_pb_section fb_built=&#8221;1&#8243; _builder_version=&#8221;4.16&#8243; _module_preset=&#8221;default&#8221; custom_margin=&#8221;0px||0px||false|false&#8221; custom_padding=&#8221;0px||0px||false|false&#8221; global_colors_info=&#8221;{}&#8221;][et_pb_row _builder_version=&#8221;4.16&#8243; _module_preset=&#8221;default&#8221; global_colors_info=&#8221;{}&#8221;][et_pb_column type=&#8221;4_4&#8243; _builder_version=&#8221;4.16&#8243; _module_preset=&#8221;default&#8221; global_colors_info=&#8221;{}&#8221;][et_pb_code _builder_version=&#8221;4.16&#8243; _module_preset=&#8221;default&#8221; global_colors_info=&#8221;{}&#8221;]<div class=\"facetwp-facet facetwp-facet-suche facetwp-type-search\" data-name=\"suche\" data-type=\"search\"><\/div>[\/et_pb_code][\/et_pb_column][\/et_pb_row][et_pb_row column_structure=&#8221;1_2,1_2&#8243; _builder_version=&#8221;4.16&#8243; _module_preset=&#8221;default&#8221; custom_margin=&#8221;0px||||false|false&#8221; custom_padding=&#8221;0px||||false|false&#8221; global_colors_info=&#8221;{}&#8221;][et_pb_column type=&#8221;1_2&#8243; _builder_version=&#8221;4.16&#8243; _module_preset=&#8221;default&#8221; global_colors_info=&#8221;{}&#8221;][et_pb_code _builder_version=&#8221;4.16&#8243; _module_preset=&#8221;default&#8221; global_colors_info=&#8221;{}&#8221;]<div class=\"facetwp-facet facetwp-facet-rechtsgebiet facetwp-type-fselect\" data-name=\"rechtsgebiet\" data-type=\"fselect\"><\/div>[\/et_pb_code][\/et_pb_column][et_pb_column type=&#8221;1_2&#8243; _builder_version=&#8221;4.16&#8243; _module_preset=&#8221;default&#8221; global_colors_info=&#8221;{}&#8221;][et_pb_code _builder_version=&#8221;4.16&#8243; _module_preset=&#8221;default&#8221; global_colors_info=&#8221;{}&#8221;]<div class=\"facetwp-facet facetwp-facet-position facetwp-type-fselect\" data-name=\"position\" data-type=\"fselect\"><\/div>[\/et_pb_code][\/et_pb_column][\/et_pb_row][et_pb_row _builder_version=&#8221;4.16&#8243; _module_preset=&#8221;default&#8221; z_index=&#8221;0&#8243; custom_margin=&#8221;||0px||false|false&#8221; custom_padding=&#8221;||0px||false|false&#8221; custom_css_main_element=&#8221;z-index: 0 !important;&#8221; global_colors_info=&#8221;{}&#8221;][et_pb_column type=&#8221;4_4&#8243; _builder_version=&#8221;4.16&#8243; _module_preset=&#8221;default&#8221; global_colors_info=&#8221;{}&#8221;][et_pb_code _builder_version=&#8221;4.16&#8243; _module_preset=&#8221;default&#8221; global_colors_info=&#8221;{}&#8221;]<div class=\"facetwp-template\" data-name=\"team_wrzburg\">\n\n\n\t\n \n \n<div class=\"team-loop\">\n<div class=\"et_pb_row  et_pb_equal_columns\">\n\t\n\n<\/div> \n\n\n<\/div> <!-- <div class=\"team-loop\"> -->\n<\/div>[\/et_pb_code][\/et_pb_column][\/et_pb_row][et_pb_row module_class=&#8221;facet-reset-row&#8221; _builder_version=&#8221;4.16&#8243; _module_preset=&#8221;default&#8221; custom_margin=&#8221;0px||||false|false&#8221; custom_padding=&#8221;0px||||false|false&#8221; global_colors_info=&#8221;{}&#8221;][et_pb_column type=&#8221;4_4&#8243; _builder_version=&#8221;4.16&#8243; _module_preset=&#8221;default&#8221; global_colors_info=&#8221;{}&#8221;][et_pb_code _builder_version=&#8221;4.20.4&#8243; _module_preset=&#8221;default&#8221; global_colors_info=&#8221;{}&#8221;]<script><!-- [et_pb_line_break_holder] -->\/*<!-- [et_pb_line_break_holder] -->Code placement: see the \"Javascript\" section on https:\/\/facetwp.com\/how-to-use-hooks\/<!-- [et_pb_line_break_holder] --><!-- [et_pb_line_break_holder] -->This assumes that your reset button looks like this:<!-- [et_pb_line_break_holder] --><button value=\"Reset\" onclick=\"FWP.reset()\" class=\"facet-reset\">Reset<\/button><!-- [et_pb_line_break_holder] --><!-- [et_pb_line_break_holder] -->       <!-- [et_pb_line_break_holder] -->  *\/<!-- [et_pb_line_break_holder] -->    <!-- [et_pb_line_break_holder] -->(function($) {<!-- [et_pb_line_break_holder] -->    $(document).on('facetwp-loaded', function() {<!-- [et_pb_line_break_holder] --><!-- [et_pb_line_break_holder] -->      var qs = FWP.buildQueryString();<!-- [et_pb_line_break_holder] -->        if ( '' === qs ) { \/\/ no facets are selected<!-- [et_pb_line_break_holder] -->            $('.facet-reset-row').hide();<!-- [et_pb_line_break_holder] -->        }<!-- [et_pb_line_break_holder] -->        else {<!-- [et_pb_line_break_holder] -->            $('.facet-reset-row').show();<!-- [et_pb_line_break_holder] -->        }<!-- [et_pb_line_break_holder] -->    });<!-- [et_pb_line_break_holder] -->})(jQuery);<!-- [et_pb_line_break_holder] --><!-- [et_pb_line_break_holder] --><\/script><!-- [et_pb_line_break_holder] --><!-- [et_pb_line_break_holder] --><button class=\"facet-reset\" value=\"Reset\">Delete search filter<\/button>[\/et_pb_code][\/et_pb_column][\/et_pb_row][\/et_pb_section][et_pb_section fb_built=&#8221;1&#8243; disabled_on=&#8221;on|on|on&#8221; _builder_version=&#8221;4.16&#8243; _module_preset=&#8221;default&#8221; disabled=&#8221;on&#8221; global_colors_info=&#8221;{}&#8221;][et_pb_row disabled_on=&#8221;on|on|on&#8221; _builder_version=&#8221;4.16&#8243; _module_preset=&#8221;default&#8221; disabled=&#8221;on&#8221; locked=&#8221;off&#8221; global_colors_info=&#8221;{}&#8221;][et_pb_column type=&#8221;4_4&#8243; _builder_version=&#8221;4.16&#8243; _module_preset=&#8221;default&#8221; global_colors_info=&#8221;{}&#8221;][et_pb_code _builder_version=&#8221;4.16&#8243; _module_preset=&#8221;default&#8221; global_colors_info=&#8221;{}&#8221;][\/et_pb_code][\/et_pb_column][\/et_pb_row][et_pb_row disabled_on=&#8221;on|on|on&#8221; _builder_version=&#8221;4.16&#8243; _module_preset=&#8221;default&#8221; disabled=&#8221;on&#8221; locked=&#8221;off&#8221; global_colors_info=&#8221;{}&#8221;][et_pb_column type=&#8221;4_4&#8243; _builder_version=&#8221;4.16&#8243; _module_preset=&#8221;default&#8221; global_colors_info=&#8221;{}&#8221;][et_pb_code _builder_version=&#8221;4.16&#8243; _module_preset=&#8221;default&#8221; global_colors_info=&#8221;{}&#8221;][\/et_pb_code][\/et_pb_column][\/et_pb_row][et_pb_row disabled_on=&#8221;on|on|on&#8221; _builder_version=&#8221;4.16&#8243; _module_preset=&#8221;default&#8221; disabled=&#8221;on&#8221; global_colors_info=&#8221;{}&#8221;][et_pb_column type=&#8221;4_4&#8243; _builder_version=&#8221;4.16&#8243; _module_preset=&#8221;default&#8221; global_colors_info=&#8221;{}&#8221;][et_pb_tabs _builder_version=&#8221;4.16&#8243; _module_preset=&#8221;default&#8221; global_colors_info=&#8221;{}&#8221;][et_pb_tab title=&#8221;Anw\u00e4lte&#8221; _builder_version=&#8221;4.16&#8243; _module_preset=&#8221;default&#8221; global_colors_info=&#8221;{}&#8221;][\/et_pb_tab][et_pb_tab title=&#8221;Team&#8221; _builder_version=&#8221;4.16&#8243; _module_preset=&#8221;default&#8221; global_colors_info=&#8221;{}&#8221;][\/et_pb_tab][\/et_pb_tabs][\/et_pb_column][\/et_pb_row][\/et_pb_section]<\/p>\n","protected":false},"excerpt":{"rendered":"<p>Gesch\u00e4ftszeiten Rechtsanw\u00e4lte &#038; Fachanw\u00e4lte in W\u00fcrzburg &#8211; Ihre Anwaltskanzlei f\u00fcr Wirtschaftsrecht, IT-Recht, Verkehrsrecht&#8230;.<\/p>\n","protected":false},"author":2,"featured_media":0,"parent":0,"menu_order":0,"comment_status":"closed","ping_status":"closed","template":"","meta":{"_acf_changed":false,"_et_pb_use_builder":"on","_et_pb_old_content":"","_et_gb_content_width":"","footnotes":""},"class_list":["post-10989","page","type-page","status-publish","hentry"],"acf":[],"_links":{"self":[{"href":"https:\/\/www.cornea-franz.de\/en\/wp-json\/wp\/v2\/pages\/10989","targetHints":{"allow":["GET"]}}],"collection":[{"href":"https:\/\/www.cornea-franz.de\/en\/wp-json\/wp\/v2\/pages"}],"about":[{"href":"https:\/\/www.cornea-franz.de\/en\/wp-json\/wp\/v2\/types\/page"}],"author":[{"embeddable":true,"href":"https:\/\/www.cornea-franz.de\/en\/wp-json\/wp\/v2\/users\/2"}],"replies":[{"embeddable":true,"href":"https:\/\/www.cornea-franz.de\/en\/wp-json\/wp\/v2\/comments?post=10989"}],"version-history":[{"count":4,"href":"https:\/\/www.cornea-franz.de\/en\/wp-json\/wp\/v2\/pages\/10989\/revisions"}],"predecessor-version":[{"id":12599,"href":"https:\/\/www.cornea-franz.de\/en\/wp-json\/wp\/v2\/pages\/10989\/revisions\/12599"}],"wp:attachment":[{"href":"https:\/\/www.cornea-franz.de\/en\/wp-json\/wp\/v2\/media?parent=10989"}],"curies":[{"name":"wp","href":"https:\/\/api.w.org\/{rel}","templated":true}]}}